{"id":5191,"date":"2020-12-17T04:53:14","date_gmt":"2020-12-17T04:53:14","guid":{"rendered":"https:\/\/themes.themegoods.com\/grandrestaurantv6\/?page_id=5191"},"modified":"2025-03-31T15:18:44","modified_gmt":"2025-03-31T13:18:44","slug":"blog","status":"publish","type":"page","link":"https:\/\/iyenis.com\/en\/blog\/","title":{"rendered":"Blog"},"content":{"rendered":"<div data-elementor-type=\"wp-page\" data-elementor-id=\"5191\" class=\"elementor elementor-5191\" data-elementor-post-type=\"page\">\n\t\t\t\t\t\t<section class=\"elementor-section elementor-top-section elementor-element elementor-element-01ccfdb elementor-section-height-min-height elementor-section-stretched elementor-section-boxed elementor-section-height-default elementor-section-items-middle\" data-id=\"01ccfdb\" data-element_type=\"section\" data-e-type=\"section\" data-settings=\"{&quot;stretch_section&quot;:&quot;section-stretched&quot;,&quot;background_background&quot;:&quot;classic&quot;,&quot;grandrestaurant_ext_is_background_parallax&quot;:&quot;true&quot;,&quot;shape_divider_bottom&quot;:&quot;split&quot;,&quot;grandrestaurant_ext_is_background_parallax_speed&quot;:{&quot;unit&quot;:&quot;px&quot;,&quot;size&quot;:0.8,&quot;sizes&quot;:[]},&quot;grandrestaurant_ext_is_background_backdrop&quot;:&quot;false&quot;,&quot;grandrestaurant_ext_is_background_on_scroll&quot;:&quot;false&quot;}\">\n\t\t\t\t\t\t\t<div class=\"elementor-background-overlay\"><\/div>\n\t\t\t\t\t\t<div class=\"elementor-shape elementor-shape-bottom\" aria-hidden=\"true\" data-negative=\"false\">\n\t\t\t<svg xmlns=\"http:\/\/www.w3.org\/2000\/svg\" viewbox=\"0 0 1000 20\" preserveaspectratio=\"none\">\n\t<path class=\"elementor-shape-fill\" d=\"M0,0v3c0,0,393.8,0,483.4,0c9.2,0,16.6,7.4,16.6,16.6c0-9.1,7.4-16.6,16.6-16.6C606.2,3,1000,3,1000,3V0H0z\"\/>\n<\/svg>\t\t<\/div>\n\t\t\t\t\t<div class=\"elementor-container elementor-column-gap-default\">\n\t\t\t\t\t<div class=\"elementor-column elementor-col-100 elementor-top-column elementor-element elementor-element-651bb8c\" data-id=\"651bb8c\" data-element_type=\"column\" data-e-type=\"column\" data-settings=\"{&quot;grandrestaurant_ext_link_reservation&quot;:&quot;false&quot;,&quot;grandrestaurant_ext_link_sidemenu&quot;:&quot;false&quot;,&quot;grandrestaurant_ext_link_fullmenu&quot;:&quot;false&quot;,&quot;grandrestaurant_ext_link_closed_fullmenu&quot;:&quot;false&quot;,&quot;grandrestaurant_ext_is_scrollme&quot;:&quot;false&quot;,&quot;grandrestaurant_ext_is_smoove&quot;:&quot;false&quot;,&quot;grandrestaurant_ext_is_parallax_mouse&quot;:&quot;false&quot;,&quot;grandrestaurant_ext_is_infinite&quot;:&quot;false&quot;,&quot;grandrestaurant_ext_is_fadeout_animation&quot;:&quot;false&quot;,&quot;grandrestaurant_ext_mobile_static&quot;:&quot;false&quot;}\">\n\t\t\t<div class=\"elementor-widget-wrap elementor-element-populated\">\n\t\t\t\t\t\t<div class=\"elementor-element elementor-element-ed72411 elementor-widget__width-inherit elementor-widget elementor-widget-grandrestaurant-animated-text\" data-id=\"ed72411\" data-element_type=\"widget\" data-e-type=\"widget\" data-settings=\"{&quot;grandrestaurant_ext_link_reservation&quot;:&quot;false&quot;,&quot;grandrestaurant_ext_link_sidemenu&quot;:&quot;false&quot;,&quot;grandrestaurant_ext_link_fullmenu&quot;:&quot;false&quot;,&quot;grandrestaurant_ext_link_closed_fullmenu&quot;:&quot;false&quot;,&quot;grandrestaurant_ext_is_scrollme&quot;:&quot;false&quot;,&quot;grandrestaurant_ext_is_smoove&quot;:&quot;false&quot;,&quot;grandrestaurant_ext_is_parallax_mouse&quot;:&quot;false&quot;,&quot;grandrestaurant_ext_is_infinite&quot;:&quot;false&quot;,&quot;grandrestaurant_ext_mobile_static&quot;:&quot;false&quot;}\" data-widget_type=\"grandrestaurant-animated-text.default\">\n\t\t\t\t<div class=\"elementor-widget-container\">\n\t\t\t\t\t<div class=\"themegoods-animated-text text-alignment-center transition-bottom overflow-hidden\" data-delimiter=\"sentence\" data-transition=\"100\" data-transition-delay=\"200\" data-transition-duration=\"800\">\n\t\t<p>\n\t\tVisit\t<\/p>\n\t<\/div>\t\t\t\t<\/div>\n\t\t\t\t<\/div>\n\t\t\t\t<div class=\"elementor-element elementor-element-7e3591e elementor-widget__width-auto elementor-widget elementor-widget-grandrestaurant-animated-text\" data-id=\"7e3591e\" data-element_type=\"widget\" data-e-type=\"widget\" data-settings=\"{&quot;grandrestaurant_ext_link_reservation&quot;:&quot;false&quot;,&quot;grandrestaurant_ext_link_sidemenu&quot;:&quot;false&quot;,&quot;grandrestaurant_ext_link_fullmenu&quot;:&quot;false&quot;,&quot;grandrestaurant_ext_link_closed_fullmenu&quot;:&quot;false&quot;,&quot;grandrestaurant_ext_is_scrollme&quot;:&quot;false&quot;,&quot;grandrestaurant_ext_is_smoove&quot;:&quot;false&quot;,&quot;grandrestaurant_ext_is_parallax_mouse&quot;:&quot;false&quot;,&quot;grandrestaurant_ext_is_infinite&quot;:&quot;false&quot;,&quot;grandrestaurant_ext_mobile_static&quot;:&quot;false&quot;}\" data-widget_type=\"grandrestaurant-animated-text.default\">\n\t\t\t\t<div class=\"elementor-widget-container\">\n\t\t\t\t\t<div class=\"themegoods-animated-text text-alignment-left transition-bottom overflow-hidden\" data-delimiter=\"word\" data-transition=\"100\" data-transition-delay=\"400\" data-transition-duration=\"800\">\n\t\t<h1>\n\t\tIyeni's blog\t<\/h1>\n\t<\/div>\t\t\t\t<\/div>\n\t\t\t\t<\/div>\n\t\t\t\t<div class=\"elementor-element elementor-element-464f648 elementor-widget__width-inherit elementor-widget elementor-widget-grandrestaurant-animated-text\" data-id=\"464f648\" data-element_type=\"widget\" data-e-type=\"widget\" data-settings=\"{&quot;grandrestaurant_ext_link_reservation&quot;:&quot;false&quot;,&quot;grandrestaurant_ext_link_sidemenu&quot;:&quot;false&quot;,&quot;grandrestaurant_ext_link_fullmenu&quot;:&quot;false&quot;,&quot;grandrestaurant_ext_link_closed_fullmenu&quot;:&quot;false&quot;,&quot;grandrestaurant_ext_is_scrollme&quot;:&quot;false&quot;,&quot;grandrestaurant_ext_is_smoove&quot;:&quot;false&quot;,&quot;grandrestaurant_ext_is_parallax_mouse&quot;:&quot;false&quot;,&quot;grandrestaurant_ext_is_infinite&quot;:&quot;false&quot;,&quot;grandrestaurant_ext_mobile_static&quot;:&quot;false&quot;}\" data-widget_type=\"grandrestaurant-animated-text.default\">\n\t\t\t\t<div class=\"elementor-widget-container\">\n\t\t\t\t\t<div class=\"themegoods-animated-text text-alignment-center transition-bottom overflow-hidden\" data-delimiter=\"sentence\" data-transition=\"100\" data-transition-delay=\"200\" data-transition-duration=\"800\">\n\t\t<h2>\n\t\tSaveurs, Culture et Raffinement \t<\/h2>\n\t<\/div>\t\t\t\t<\/div>\n\t\t\t\t<\/div>\n\t\t\t\t\t<\/div>\n\t\t<\/div>\n\t\t\t\t\t<\/div>\n\t\t<\/section>\n\t\t<div class=\"elementor-element elementor-element-05df0b2 e-flex e-con-boxed e-con e-parent\" data-id=\"05df0b2\" data-element_type=\"container\" data-e-type=\"container\" data-settings=\"{&quot;grandrestaurant_ext_is_background_parallax&quot;:&quot;false&quot;,&quot;grandrestaurant_ext_is_background_backdrop&quot;:&quot;false&quot;,&quot;grandrestaurant_ext_is_background_on_scroll&quot;:&quot;false&quot;,&quot;grandrestaurant_ext_link_reservation&quot;:&quot;false&quot;,&quot;grandrestaurant_ext_link_sidemenu&quot;:&quot;false&quot;,&quot;grandrestaurant_ext_link_fullmenu&quot;:&quot;false&quot;,&quot;grandrestaurant_ext_link_closed_fullmenu&quot;:&quot;false&quot;,&quot;grandrestaurant_ext_is_scrollme&quot;:&quot;false&quot;,&quot;grandrestaurant_ext_is_smoove&quot;:&quot;false&quot;,&quot;grandrestaurant_ext_is_parallax_mouse&quot;:&quot;false&quot;,&quot;grandrestaurant_ext_is_infinite&quot;:&quot;false&quot;,&quot;grandrestaurant_ext_is_fadeout_animation&quot;:&quot;false&quot;,&quot;grandrestaurant_ext_mobile_static&quot;:&quot;false&quot;}\">\n\t\t\t\t\t<div class=\"e-con-inner\">\n\t\t<div class=\"elementor-element elementor-element-a876e4a e-con-full e-flex e-con e-child\" data-id=\"a876e4a\" data-element_type=\"container\" data-e-type=\"container\" data-settings=\"{&quot;grandrestaurant_ext_is_background_parallax&quot;:&quot;false&quot;,&quot;grandrestaurant_ext_is_background_backdrop&quot;:&quot;false&quot;,&quot;grandrestaurant_ext_is_background_on_scroll&quot;:&quot;false&quot;,&quot;grandrestaurant_ext_link_reservation&quot;:&quot;false&quot;,&quot;grandrestaurant_ext_link_sidemenu&quot;:&quot;false&quot;,&quot;grandrestaurant_ext_link_fullmenu&quot;:&quot;false&quot;,&quot;grandrestaurant_ext_link_closed_fullmenu&quot;:&quot;false&quot;,&quot;grandrestaurant_ext_is_scrollme&quot;:&quot;false&quot;,&quot;grandrestaurant_ext_is_smoove&quot;:&quot;false&quot;,&quot;grandrestaurant_ext_is_parallax_mouse&quot;:&quot;false&quot;,&quot;grandrestaurant_ext_is_infinite&quot;:&quot;false&quot;,&quot;grandrestaurant_ext_is_fadeout_animation&quot;:&quot;false&quot;,&quot;grandrestaurant_ext_mobile_static&quot;:&quot;false&quot;}\">\n\t\t\t\t<div class=\"elementor-element elementor-element-7dcbcba elementor-widget elementor-widget-grandrestaurant-blog-posts\" data-id=\"7dcbcba\" data-element_type=\"widget\" data-e-type=\"widget\" data-settings=\"{&quot;grandrestaurant_ext_link_reservation&quot;:&quot;false&quot;,&quot;grandrestaurant_ext_link_sidemenu&quot;:&quot;false&quot;,&quot;grandrestaurant_ext_link_fullmenu&quot;:&quot;false&quot;,&quot;grandrestaurant_ext_link_closed_fullmenu&quot;:&quot;false&quot;,&quot;grandrestaurant_ext_is_scrollme&quot;:&quot;false&quot;,&quot;grandrestaurant_ext_is_smoove&quot;:&quot;false&quot;,&quot;grandrestaurant_ext_is_parallax_mouse&quot;:&quot;false&quot;,&quot;grandrestaurant_ext_is_infinite&quot;:&quot;false&quot;,&quot;grandrestaurant_ext_is_fadeout_animation&quot;:&quot;false&quot;,&quot;grandrestaurant_ext_mobile_static&quot;:&quot;false&quot;}\" data-widget_type=\"grandrestaurant-blog-posts.default\">\n\t\t\t\t<div class=\"elementor-widget-container\">\n\t\t\t\t\t<div class=\"blog-post-content-wrapper layout-grid\">\n<!-- Begin each blog post -->\n<div class=\"blog-posts-grid post-8830 post type-post status-publish format-standard has-post-thumbnail hentry category-mariage\">\n\t\n\t\t<div class=\"post-wrapper smoove disable_tablet\" data-delay=\"100\" data-minwidth=\"769\" data-offset=\"-30%\">\n\t\t\n\t\t\t\t    <div class=\"post-featured-image static\">\n\t\t\t    \t\t\t    <div class=\"post-featured-image-hover\">\n\t\t\t\t    \n\t\t\t\t    \t\t\t    \t<div class=\"post-featured-date-wrapper\">\n\t\t\t\t\t    <div class=\"post-featured-date\">31<\/div>\n\t\t\t\t\t    <div class=\"post-featured-month\">Mar<\/div>\n\t\t\t\t\t<\/div>\n\t\t\t\t\t\t\t\t\t    \n\t\t\t     \t\t\t\t\t     <img decoding=\"async\"  src=\"https:\/\/iyenis.com\/wp-content\/uploads\/2025\/03\/Visuel-article-3-buffet-2-960x500.jpg\" class=\"disable_tablet\" alt=\"\"\/>\n\t\t\t\t     \t\t\t     \t\t\t\t     \t<a href=\"https:\/\/iyenis.com\/en\/plats-africains-incontournables-mariage\/\"><\/a>\n\t\t\t    <\/div>\n\t\t    <\/div>\n\t\t\t    \n\t    <div class=\"post-content-wrapper text-\">\n\t\t    \n\t\t    <div class=\"post-header\">\n\t\t\t    <div class=\"post-header-title\">\n\t\t\t\t    <h5><a href=\"https:\/\/iyenis.com\/en\/plats-africains-incontournables-mariage\/\" title=\"5 plats africains incontournables pour un mariage sophistiqu\u00e9\">5 plats africains incontournables pour un mariage sophistiqu\u00e9<\/a><\/h5>\n\t\t\t\t<\/div>\n\t\t\t    \n\t\t\t    \t\t\t    <div class=\"post-detail single-post\">\n\t\t\t\t    \n\t\t\t\t    \t\t\t    \t<span class=\"post-info-cat\">\n\t\t\t\t\t\t\t\t\t\t\t\t      \t<a href=\"https:\/\/iyenis.com\/en\/category\/wedding\/\">Wedding<\/a>\n\t\t\t\t\t\t\t\t\t    \t<\/span>\n\t\t\t    \t\t\t\t \t<\/div>\n\t\t\t \t\t\t\t<\/div>\n\t    \n\t\t\t<div class=\"post-header-wrapper\">\n\t\t\t\t<p>Votre mariage approche et, avec lui, la pr\u00e9paration de votre menu L\u2019un des moments les plus attendus par vos invit\u00e9s, n\u2019est-ce pas  Si vous avez choisi d&#8217;int\u00e9grer la...<\/p>\t\t\t    <div class=\"post-button-wrapper\">\n\t\t\t\t    <a class=\"continue-reading\" href=\"https:\/\/iyenis.com\/en\/plats-africains-incontournables-mariage\/\" title=\"5 plats africains incontournables pour un mariage sophistiqu\u00e9\">Continue Reading<span><\/span><\/a>\n\t\t\t    <\/div>\n\t\t\t    <br class=\"clear\"\/>\n\t\t\t<\/div>\n\t    <\/div>\n\t    \n\t<\/div>\n\n<\/div>\n<!-- End each blog post --><!-- Begin each blog post -->\n<div class=\"blog-posts-grid post-8478 post type-post status-publish format-standard has-post-thumbnail hentry category-mariage\">\n\t\n\t\t<div class=\"post-wrapper smoove disable_tablet\" data-delay=\"200\" data-minwidth=\"769\" data-offset=\"-30%\">\n\t\t\n\t\t\t\t    <div class=\"post-featured-image static\">\n\t\t\t    \t\t\t    <div class=\"post-featured-image-hover\">\n\t\t\t\t    \n\t\t\t\t    \t\t\t    \t<div class=\"post-featured-date-wrapper\">\n\t\t\t\t\t    <div class=\"post-featured-date\">07<\/div>\n\t\t\t\t\t    <div class=\"post-featured-month\">Feb<\/div>\n\t\t\t\t\t<\/div>\n\t\t\t\t\t\t\t\t\t    \n\t\t\t     \t\t\t\t\t     <img decoding=\"async\"  src=\"https:\/\/iyenis.com\/wp-content\/uploads\/2025\/03\/Visuel-article-3-Buffet-2-copie-960x500.jpg\" class=\"disable_tablet\" alt=\"\"\/>\n\t\t\t\t     \t\t\t     \t\t\t\t     \t<a href=\"https:\/\/iyenis.com\/en\/wedding-service-plate-buffet\/\"><\/a>\n\t\t\t    <\/div>\n\t\t    <\/div>\n\t\t\t    \n\t    <div class=\"post-content-wrapper text-\">\n\t\t    \n\t\t    <div class=\"post-header\">\n\t\t\t    <div class=\"post-header-title\">\n\t\t\t\t    <h5><a href=\"https:\/\/iyenis.com\/en\/wedding-service-plate-buffet\/\" title=\"Plated service or buffet: How to choose the style of meal for your wedding?\">Plated service or buffet: How to choose the style of meal for your wedding?<\/a><\/h5>\n\t\t\t\t<\/div>\n\t\t\t    \n\t\t\t    \t\t\t    <div class=\"post-detail single-post\">\n\t\t\t\t    \n\t\t\t\t    \t\t\t    \t<span class=\"post-info-cat\">\n\t\t\t\t\t\t\t\t\t\t\t\t      \t<a href=\"https:\/\/iyenis.com\/en\/category\/wedding\/\">Wedding<\/a>\n\t\t\t\t\t\t\t\t\t    \t<\/span>\n\t\t\t    \t\t\t\t \t<\/div>\n\t\t\t \t\t\t\t<\/div>\n\t    \n\t\t\t<div class=\"post-header-wrapper\">\n\t\t\t\t<p>Le choix du style de repas pour un mariage est une d\u00e9cision aussi cruciale que le choix de la robe ou de la playlist Service \u00e0 l\u2019assiette ou buffet  Deux options tr\u00e8s...<\/p>\t\t\t    <div class=\"post-button-wrapper\">\n\t\t\t\t    <a class=\"continue-reading\" href=\"https:\/\/iyenis.com\/en\/wedding-service-plate-buffet\/\" title=\"Plated service or buffet: How to choose the style of meal for your wedding?\">Continue Reading<span><\/span><\/a>\n\t\t\t    <\/div>\n\t\t\t    <br class=\"clear\"\/>\n\t\t\t<\/div>\n\t    <\/div>\n\t    \n\t<\/div>\n\n<\/div>\n<!-- End each blog post --><!-- Begin each blog post -->\n<div class=\"blog-posts-grid post-8053 post type-post status-publish format-standard has-post-thumbnail hentry category-mariage\">\n\t\n\t\t<div class=\"post-wrapper smoove disable_tablet\" data-delay=\"300\" data-minwidth=\"769\" data-offset=\"-30%\">\n\t\t\n\t\t\t\t    <div class=\"post-featured-image static\">\n\t\t\t    \t\t\t    <div class=\"post-featured-image-hover\">\n\t\t\t\t    \n\t\t\t\t    \t\t\t    \t<div class=\"post-featured-date-wrapper\">\n\t\t\t\t\t    <div class=\"post-featured-date\">03<\/div>\n\t\t\t\t\t    <div class=\"post-featured-month\">Feb<\/div>\n\t\t\t\t\t<\/div>\n\t\t\t\t\t\t\t\t\t    \n\t\t\t     \t\t\t\t\t     <img decoding=\"async\"  src=\"https:\/\/iyenis.com\/wp-content\/uploads\/2023\/02\/Visuel-en-tete-Article-1-960x500.jpg\" class=\"disable_tablet\" alt=\"\"\/>\n\t\t\t\t     \t\t\t     \t\t\t\t     \t<a href=\"https:\/\/iyenis.com\/en\/caterer-save-wedding\/\"><\/a>\n\t\t\t    <\/div>\n\t\t    <\/div>\n\t\t\t    \n\t    <div class=\"post-content-wrapper text-\">\n\t\t    \n\t\t    <div class=\"post-header\">\n\t\t\t    <div class=\"post-header-title\">\n\t\t\t\t    <h5><a href=\"https:\/\/iyenis.com\/en\/caterer-save-wedding\/\" title=\"Why a caterer can save your wedding\">Why a caterer can save your wedding<\/a><\/h5>\n\t\t\t\t<\/div>\n\t\t\t    \n\t\t\t    \t\t\t    <div class=\"post-detail single-post\">\n\t\t\t\t    \n\t\t\t\t    \t\t\t    \t<span class=\"post-info-cat\">\n\t\t\t\t\t\t\t\t\t\t\t\t      \t<a href=\"https:\/\/iyenis.com\/en\/category\/wedding\/\">Wedding<\/a>\n\t\t\t\t\t\t\t\t\t    \t<\/span>\n\t\t\t    \t\t\t\t \t<\/div>\n\t\t\t \t\t\t\t<\/div>\n\t    \n\t\t\t<div class=\"post-header-wrapper\">\n\t\t\t\t<p>Votre tante fait des merveilles en cuisine, votre m\u00e8re a un don pour les plats mijot\u00e9s, et vous-m\u00eame, vous n\u2019\u00eates pas en reste quand il s\u2019agit de r\u00e9galer vos proches...<\/p>\t\t\t    <div class=\"post-button-wrapper\">\n\t\t\t\t    <a class=\"continue-reading\" href=\"https:\/\/iyenis.com\/en\/caterer-save-wedding\/\" title=\"Why a caterer can save your wedding\">Continue Reading<span><\/span><\/a>\n\t\t\t    <\/div>\n\t\t\t    <br class=\"clear\"\/>\n\t\t\t<\/div>\n\t    <\/div>\n\t    \n\t<\/div>\n\n<\/div>\n<!-- End each blog post --><\/div>\n<br class=\"clear\"\/>\t\t\t\t<\/div>\n\t\t\t\t<\/div>\n\t\t\t\t<\/div>\n\t\t\t\t\t<\/div>\n\t\t\t\t<\/div>\n\t\t\t\t<\/div>","protected":false},"excerpt":{"rendered":"<p>Le Blog Iyeni&#8217;s Saveurs, Culture et Raffinement 07 Feb Service \u00e0 l\u2019assiette ou buffet : Comment choisir le style de repas pour votre mariage ? Mariage Le choix du style de repas pour un mariage est une d\u00e9cision aussi cruciale [&hellip;]<\/p>","protected":false},"author":1,"featured_media":0,"parent":0,"menu_order":0,"comment_status":"closed","ping_status":"closed","template":"","meta":{"_acf_changed":false,"footnotes":""},"class_list":["post-5191","page","type-page","status-publish","hentry"],"acf":[],"yoast_head":"<!-- This site is optimized with the Yoast SEO Premium plugin v18.8 (Yoast SEO v26.9) - https:\/\/yoast.com\/product\/yoast-seo-premium-wordpress\/ -->\n<title>Blog - Iyeni&#039;s<\/title>\n<meta name=\"robots\" content=\"index, follow, max-snippet:-1, max-image-preview:large, max-video-preview:-1\" \/>\n<link rel=\"canonical\" href=\"https:\/\/iyenis.com\/en\/blog\/\" \/>\n<meta property=\"og:locale\" content=\"en_US\" \/>\n<meta property=\"og:type\" content=\"article\" \/>\n<meta property=\"og:title\" content=\"Blog\" \/>\n<meta property=\"og:description\" content=\"Le Blog Iyeni&#8217;s Saveurs, Culture et Raffinement 07 Feb Service \u00e0 l\u2019assiette ou buffet : Comment choisir le style de repas pour votre mariage ? Mariage Le choix du style de repas pour un mariage est une d\u00e9cision aussi cruciale [&hellip;]\" \/>\n<meta property=\"og:url\" content=\"https:\/\/iyenis.com\/en\/blog\/\" \/>\n<meta property=\"og:site_name\" content=\"Iyeni&#039;s\" \/>\n<meta property=\"article:publisher\" content=\"https:\/\/www.facebook.com\/Iyenistraiteur\/\" \/>\n<meta property=\"article:modified_time\" content=\"2025-03-31T13:18:44+00:00\" \/>\n<meta property=\"og:image\" content=\"https:\/\/iyenis.com\/wp-content\/uploads\/2024\/02\/Visuel-en-tete-blog-960x500.jpg\" \/>\n<meta name=\"twitter:card\" content=\"summary_large_image\" \/>\n<meta name=\"twitter:label1\" content=\"Est. reading time\" \/>\n\t<meta name=\"twitter:data1\" content=\"3 minutes\" \/>\n<script type=\"application\/ld+json\" class=\"yoast-schema-graph\">{\"@context\":\"https:\/\/schema.org\",\"@graph\":[{\"@type\":\"WebPage\",\"@id\":\"https:\/\/iyenis.com\/blog\/\",\"url\":\"https:\/\/iyenis.com\/blog\/\",\"name\":\"Blog - Iyeni&#039;s\",\"isPartOf\":{\"@id\":\"https:\/\/iyenis.com\/#website\"},\"primaryImageOfPage\":{\"@id\":\"https:\/\/iyenis.com\/blog\/#primaryimage\"},\"image\":{\"@id\":\"https:\/\/iyenis.com\/blog\/#primaryimage\"},\"thumbnailUrl\":\"https:\/\/iyenis.com\/wp-content\/uploads\/2024\/02\/Visuel-en-tete-blog-960x500.jpg\",\"datePublished\":\"2020-12-17T04:53:14+00:00\",\"dateModified\":\"2025-03-31T13:18:44+00:00\",\"breadcrumb\":{\"@id\":\"https:\/\/iyenis.com\/blog\/#breadcrumb\"},\"inLanguage\":\"en-US\",\"potentialAction\":[{\"@type\":\"ReadAction\",\"target\":[\"https:\/\/iyenis.com\/blog\/\"]}]},{\"@type\":\"ImageObject\",\"inLanguage\":\"en-US\",\"@id\":\"https:\/\/iyenis.com\/blog\/#primaryimage\",\"url\":\"https:\/\/iyenis.com\/wp-content\/uploads\/2024\/02\/Visuel-en-tete-blog-960x500.jpg\",\"contentUrl\":\"https:\/\/iyenis.com\/wp-content\/uploads\/2024\/02\/Visuel-en-tete-blog-960x500.jpg\"},{\"@type\":\"BreadcrumbList\",\"@id\":\"https:\/\/iyenis.com\/blog\/#breadcrumb\",\"itemListElement\":[{\"@type\":\"ListItem\",\"position\":1,\"name\":\"Home\",\"item\":\"https:\/\/iyenis.com\/\"},{\"@type\":\"ListItem\",\"position\":2,\"name\":\"Blog\"}]},{\"@type\":\"WebSite\",\"@id\":\"https:\/\/iyenis.com\/#website\",\"url\":\"https:\/\/iyenis.com\/\",\"name\":\"Iyeni&#039;s\",\"description\":\"Traiteur africain\",\"publisher\":{\"@id\":\"https:\/\/iyenis.com\/#organization\"},\"potentialAction\":[{\"@type\":\"SearchAction\",\"target\":{\"@type\":\"EntryPoint\",\"urlTemplate\":\"https:\/\/iyenis.com\/?s={search_term_string}\"},\"query-input\":{\"@type\":\"PropertyValueSpecification\",\"valueRequired\":true,\"valueName\":\"search_term_string\"}}],\"inLanguage\":\"en-US\"},{\"@type\":\"Organization\",\"@id\":\"https:\/\/iyenis.com\/#organization\",\"name\":\"Iyeni's\",\"url\":\"https:\/\/iyenis.com\/\",\"logo\":{\"@type\":\"ImageObject\",\"inLanguage\":\"en-US\",\"@id\":\"https:\/\/iyenis.com\/#\/schema\/logo\/image\/\",\"url\":\"http:\/\/iyenis.com\/wp-content\/uploads\/2022\/06\/3-1.png\",\"contentUrl\":\"http:\/\/iyenis.com\/wp-content\/uploads\/2022\/06\/3-1.png\",\"width\":1000,\"height\":1000,\"caption\":\"Iyeni's\"},\"image\":{\"@id\":\"https:\/\/iyenis.com\/#\/schema\/logo\/image\/\"},\"sameAs\":[\"https:\/\/www.facebook.com\/Iyenistraiteur\/\",\"https:\/\/instagram.com\/iyenistraiteur?igshid=YmMyMTA2M2Y=\"]}]}<\/script>\n<!-- \/ Yoast SEO Premium plugin. -->","yoast_head_json":{"title":"Blog - Iyeni&#039;s","robots":{"index":"index","follow":"follow","max-snippet":"max-snippet:-1","max-image-preview":"max-image-preview:large","max-video-preview":"max-video-preview:-1"},"canonical":"https:\/\/iyenis.com\/en\/blog\/","og_locale":"en_US","og_type":"article","og_title":"Blog","og_description":"Le Blog Iyeni&#8217;s Saveurs, Culture et Raffinement 07 Feb Service \u00e0 l\u2019assiette ou buffet : Comment choisir le style de repas pour votre mariage ? Mariage Le choix du style de repas pour un mariage est une d\u00e9cision aussi cruciale [&hellip;]","og_url":"https:\/\/iyenis.com\/en\/blog\/","og_site_name":"Iyeni&#039;s","article_publisher":"https:\/\/www.facebook.com\/Iyenistraiteur\/","article_modified_time":"2025-03-31T13:18:44+00:00","og_image":[{"url":"https:\/\/iyenis.com\/wp-content\/uploads\/2024\/02\/Visuel-en-tete-blog-960x500.jpg","type":"","width":"","height":""}],"twitter_card":"summary_large_image","twitter_misc":{"Est. reading time":"3 minutes"},"schema":{"@context":"https:\/\/schema.org","@graph":[{"@type":"WebPage","@id":"https:\/\/iyenis.com\/blog\/","url":"https:\/\/iyenis.com\/blog\/","name":"Blog - Iyeni&#039;s","isPartOf":{"@id":"https:\/\/iyenis.com\/#website"},"primaryImageOfPage":{"@id":"https:\/\/iyenis.com\/blog\/#primaryimage"},"image":{"@id":"https:\/\/iyenis.com\/blog\/#primaryimage"},"thumbnailUrl":"https:\/\/iyenis.com\/wp-content\/uploads\/2024\/02\/Visuel-en-tete-blog-960x500.jpg","datePublished":"2020-12-17T04:53:14+00:00","dateModified":"2025-03-31T13:18:44+00:00","breadcrumb":{"@id":"https:\/\/iyenis.com\/blog\/#breadcrumb"},"inLanguage":"en-US","potentialAction":[{"@type":"ReadAction","target":["https:\/\/iyenis.com\/blog\/"]}]},{"@type":"ImageObject","inLanguage":"en-US","@id":"https:\/\/iyenis.com\/blog\/#primaryimage","url":"https:\/\/iyenis.com\/wp-content\/uploads\/2024\/02\/Visuel-en-tete-blog-960x500.jpg","contentUrl":"https:\/\/iyenis.com\/wp-content\/uploads\/2024\/02\/Visuel-en-tete-blog-960x500.jpg"},{"@type":"BreadcrumbList","@id":"https:\/\/iyenis.com\/blog\/#breadcrumb","itemListElement":[{"@type":"ListItem","position":1,"name":"Home","item":"https:\/\/iyenis.com\/"},{"@type":"ListItem","position":2,"name":"Blog"}]},{"@type":"WebSite","@id":"https:\/\/iyenis.com\/#website","url":"https:\/\/iyenis.com\/","name":"Iyeni&#039;s","description":"African catering","publisher":{"@id":"https:\/\/iyenis.com\/#organization"},"potentialAction":[{"@type":"SearchAction","target":{"@type":"EntryPoint","urlTemplate":"https:\/\/iyenis.com\/?s={search_term_string}"},"query-input":{"@type":"PropertyValueSpecification","valueRequired":true,"valueName":"search_term_string"}}],"inLanguage":"en-US"},{"@type":"Organization","@id":"https:\/\/iyenis.com\/#organization","name":"Iyeni's","url":"https:\/\/iyenis.com\/","logo":{"@type":"ImageObject","inLanguage":"en-US","@id":"https:\/\/iyenis.com\/#\/schema\/logo\/image\/","url":"http:\/\/iyenis.com\/wp-content\/uploads\/2022\/06\/3-1.png","contentUrl":"http:\/\/iyenis.com\/wp-content\/uploads\/2022\/06\/3-1.png","width":1000,"height":1000,"caption":"Iyeni's"},"image":{"@id":"https:\/\/iyenis.com\/#\/schema\/logo\/image\/"},"sameAs":["https:\/\/www.facebook.com\/Iyenistraiteur\/","https:\/\/instagram.com\/iyenistraiteur?igshid=YmMyMTA2M2Y="]}]}},"_links":{"self":[{"href":"https:\/\/iyenis.com\/en\/wp-json\/wp\/v2\/pages\/5191","targetHints":{"allow":["GET"]}}],"collection":[{"href":"https:\/\/iyenis.com\/en\/wp-json\/wp\/v2\/pages"}],"about":[{"href":"https:\/\/iyenis.com\/en\/wp-json\/wp\/v2\/types\/page"}],"author":[{"embeddable":true,"href":"https:\/\/iyenis.com\/en\/wp-json\/wp\/v2\/users\/1"}],"replies":[{"embeddable":true,"href":"https:\/\/iyenis.com\/en\/wp-json\/wp\/v2\/comments?post=5191"}],"version-history":[{"count":28,"href":"https:\/\/iyenis.com\/en\/wp-json\/wp\/v2\/pages\/5191\/revisions"}],"predecessor-version":[{"id":8829,"href":"https:\/\/iyenis.com\/en\/wp-json\/wp\/v2\/pages\/5191\/revisions\/8829"}],"wp:attachment":[{"href":"https:\/\/iyenis.com\/en\/wp-json\/wp\/v2\/media?parent=5191"}],"curies":[{"name":"wp","href":"https:\/\/api.w.org\/{rel}","templated":true}]}}